{"id":8,"date":"2022-10-07T20:21:33","date_gmt":"2022-10-07T18:21:33","guid":{"rendered":"http:\/\/do-dowodu.topmaluszek.pl\/?page_id=8"},"modified":"2023-11-04T19:23:06","modified_gmt":"2023-11-04T18:23:06","slug":"studio-zaklad-fotograficzny-foto-oswiecim","status":"publish","type":"page","link":"http:\/\/do-dowodu.topmaluszek.pl\/","title":{"rendered":"Studio Zak\u0142ad Fotograficzny Foto O\u015bwi\u0119cim"},"content":{"rendered":"\n<p class=\"has-pale-cyan-blue-background-color has-background\">Szybkie zdj\u0119cia do dowodu paszportu profilu kierowcy w O\u015bwi\u0119cimiu. Zale\u017cy ci na szybkim wykonaniu zdj\u0119cia do dowodu osobistego, paszportu, prawa jazdy lub profilu kierowcy? <strong>Odwied\u017a Studio fotograficzne w O\u015bwi\u0119cimiu na ulicy Olszewskiego 47<\/strong><\/p>\n\n\n\n<figure class=\"wp-block-image size-full\"><img loading=\"lazy\" decoding=\"async\" width=\"1024\" height=\"678\" src=\"http:\/\/do-dowodu.topmaluszek.pl\/wp-content\/uploads\/2022\/10\/fotograf-oswiecim.jpg\" alt=\"\" class=\"wp-image-11\" srcset=\"http:\/\/do-dowodu.topmaluszek.pl\/wp-content\/uploads\/2022\/10\/fotograf-oswiecim.jpg 1024w, http:\/\/do-dowodu.topmaluszek.pl\/wp-content\/uploads\/2022\/10\/fotograf-oswiecim-300x199.jpg 300w, http:\/\/do-dowodu.topmaluszek.pl\/wp-content\/uploads\/2022\/10\/fotograf-oswiecim-768x509.jpg 768w\" sizes=\"auto, (max-width: 1024px) 100vw, 1024px\" \/><figcaption class=\"wp-element-caption\">studio fotograficzne i sklep dzieci\u0119cy z fotelikami samochodowymi w O\u015bwi\u0119cim<\/figcaption><\/figure>\n\n\n\n<figure class=\"wp-block-image size-full\"><img loading=\"lazy\" decoding=\"async\" width=\"718\" height=\"620\" src=\"http:\/\/do-dowodu.topmaluszek.pl\/wp-content\/uploads\/2022\/10\/studio-fotograficzne-dojazd-ze-starostwa-powiatowego-w-oswiecimiu.jpg\" alt=\"\" class=\"wp-image-21\" srcset=\"http:\/\/do-dowodu.topmaluszek.pl\/wp-content\/uploads\/2022\/10\/studio-fotograficzne-dojazd-ze-starostwa-powiatowego-w-oswiecimiu.jpg 718w, http:\/\/do-dowodu.topmaluszek.pl\/wp-content\/uploads\/2022\/10\/studio-fotograficzne-dojazd-ze-starostwa-powiatowego-w-oswiecimiu-300x259.jpg 300w\" sizes=\"auto, (max-width: 718px) 100vw, 718px\" \/><figcaption class=\"wp-element-caption\">STUDIO FOTOGRAFICZNE znajduje si\u0119 4min pieszo od Starostwa Powiatowego w O\u015bwi\u0119cimiu tak wi\u0119c maj\u0105 pa\u0144stwo blisko do naszego zak\u0142adu. Czas oczekiwania na zdj\u0119cie do 15 minut<\/figcaption><\/figure>\n\n\n\n<p class=\"has-text-align-center has-pale-cyan-blue-background-color has-background has-medium-font-size\"><strong>ROBIMY ZDJ\u0118CIA OD 09:00 do 18:00 pon-pi\u0105t  <\/strong><\/p>\n\n\n\n<p class=\"has-text-align-center has-light-green-cyan-background-color has-background\"><strong>W SOBOTY OD 10:00-14:00<\/strong><\/p>\n\n\n\n<p class=\"has-text-align-center has-pale-cyan-blue-background-color has-background has-medium-font-size\"><strong> EKSPRESOWO w 15 minut<\/strong><\/p>\n\n\n\n<p class=\"has-text-align-center has-light-green-cyan-background-color has-background\">zdj\u0119cia biometryczne do nowych paszport\u00f3w <\/p>\n\n\n\n<p class=\"has-text-align-center has-pale-pink-background-color has-background\">PONI\u017bEJ MAPKA DOJAZDU DO NASZEGO STUDIA W O\u015aWI\u0118CIMIU<\/p>\n\n\n\n<iframe src=\"https:\/\/www.google.com\/maps\/embed?pb=!1m18!1m12!1m3!1d2562.9252072584236!2d19.239603915716227!3d50.031497279419604!2m3!1f0!2f0!3f0!3m2!1i1024!2i768!4f13.1!3m3!1m2!1s0x4716950887c3b07d%3A0x460c7caeffc6d8de!2sSklep%20Dzieci%C4%99cy%20TOP-MALUSZEK%20i%20Studio%20Fotograficzne%20%C5%81ukasz%20Bednarczyk!5e0!3m2!1spl!2spl!4v1665166864978!5m2!1spl!2spl\" style=\"border:0;\" allowfullscreen=\"\" loading=\"lazy\" referrerpolicy=\"no-referrer-when-downgrade\" width=\"600\" height=\"450\"><\/iframe>\n\n\n\n<p class=\"has-text-align-center has-light-green-cyan-background-color has-background\">MASZ PYTANA DZWO\u0143 DO STUDIA FOTO <\/p>\n\n\n\n<p class=\"has-text-align-center has-light-green-cyan-background-color has-background has-large-font-size\">tel.<strong>kom. 784467521 <\/strong><\/p>\n\n\n\n<blockquote class=\"wp-block-quote is-layout-flow wp-block-quote-is-layout-flow\">\n<p>fotograf studio O\u015bwi\u0119cim<\/p>\n<cite>zak\u0142ad fotograficzny w O\u015bwi\u0119cimiu gdzie wykonuj\u0105 szybkie zdj\u0119cia do dokument\u00f3w takich jak paszport, dow\u00f3d osobisty, prawo jazdy,  zdj\u0119cie do profilu kandydata na kierowc\u0119, elektroniczne zdj\u0119cie dla wysy\u0142aj\u0105cych dokumenty elektronicznie, karta pobytu, legitymacje szkolne i pracownicze, legitymacje s\u0142u\u017cbowe, wizy w tym do dokument\u00f3w biometrycznych. Studio fotograficzne mie\u015bci si\u0119 w sklepie top-maluszek na ulicy Olszewskiego 47. Jeste\u015bmy 4minuty pieszo od Starostwa Powiatowego w O\u015bwi\u0119cimiu.<\/cite><\/blockquote>\n\n\n\n<ul class=\"wp-block-list\">\n<li>czy mo\u017cna w studio p\u0142aci\u0107 kart\u0105 ? <strong>TAK MO\u017bNA<\/strong><\/li>\n\n\n\n<li>czy mo\u017cna p\u0142aci\u0107 BLIKIEM ? <strong>TAK<\/strong><\/li>\n\n\n\n<li>jaki jest czas oczekiwania na zdj\u0119cie ? <strong>OKO\u0141O 10-15 minut<\/strong><\/li>\n\n\n\n<li>czy zdj\u0119cia do paszportu b\u0119dzie pasowa\u0142o do dowodu ? <strong>TAK<\/strong><\/li>\n\n\n\n<li>czy wykonuj\u0105 pa\u0144stwo zdj\u0119cie noworodkom do paszportu ? <strong>TAK<\/strong><\/li>\n\n\n\n<li>czy mo\u017cna zdj\u0119cie otrzyma\u0107 w wersji elektronicznej ? <strong>TAK NA E-MAIL<\/strong><\/li>\n\n\n\n<li>czy w studio mo\u017cna zrobi\u0107 ksero i skan ? <strong>TAK<\/strong><\/li>\n\n\n\n<li>czy drukuj\u0105 pa\u0144stwo zdj\u0119cia 10&#215;15 ? <strong>TAK<\/strong><\/li>\n\n\n\n<li>czy mo\u017cna zam\u00f3wi\u0107 obraz na p\u0142\u00f3tnie ? <strong>TAK<\/strong><\/li>\n\n\n\n<li>mam chorego tat\u0119, czy wykonujecie zdj\u0119cia z dojazdem do klienta do domu ? <strong>TAK<\/strong> <strong>WYKONUJEMY NA TERENIE POWIATU O\u015aWI\u0118CIMSKIEGO<\/strong><\/li>\n\n\n\n<li>potrzebuj\u0119 zalaminowa\u0107 dokument A4 czy wykonujecie tak\u0105 us\u0142ug\u0119 ? <strong>TAK<\/strong><\/li>\n\n\n\n<li>czy wykonujecie zdj\u0119cia na \u015blubach, weselach i studni\u00f3wkach ? <strong>TAK oto link do naszej oferty<\/strong> <a href=\"http:\/\/bednarczyk.org.pl\">http:\/\/bednarczyk.org.pl<\/a><\/li>\n<\/ul>\n\n\n\n<p class=\"has-secondary-background-color has-background\">masz pytani dzwo\u0144 do studia foto kom.784467521 <\/p>\n\n\n\n<p>dobry fotograf O\u015bwi\u0119cim <a href=\"http:\/\/do-dowodu.topmaluszek.pl\/?p=28\">zak\u0142ad fotograficzny<\/a><\/p>\n","protected":false},"excerpt":{"rendered":"<p>Szybkie zdj\u0119cia do dowodu paszportu profilu kierowcy w O\u015bwi\u0119cimiu. Zale\u017cy ci na szybkim wykonaniu zdj\u0119cia do dowodu osobistego, paszportu, prawa jazdy lub profilu kierowcy? Odwied\u017a Studio fotograficzne w O\u015bwi\u0119cimiu na ulicy Olszewskiego 47 ROBIMY ZDJ\u0118CIA OD 09:00 do 18:00 pon-pi\u0105t W SOBOTY OD 10:00-14:00 EKSPRESOWO w 15 minut zdj\u0119cia biometryczne do nowych paszport\u00f3w PONI\u017bEJ MAPKA [&hellip;]<\/p>\n","protected":false},"author":1,"featured_media":0,"parent":0,"menu_order":0,"comment_status":"closed","ping_status":"closed","template":"","meta":{"footnotes":""},"class_list":["post-8","page","type-page","status-publish","hentry"],"_links":{"self":[{"href":"http:\/\/do-dowodu.topmaluszek.pl\/index.php?rest_route=\/wp\/v2\/pages\/8","targetHints":{"allow":["GET"]}}],"collection":[{"href":"http:\/\/do-dowodu.topmaluszek.pl\/index.php?rest_route=\/wp\/v2\/pages"}],"about":[{"href":"http:\/\/do-dowodu.topmaluszek.pl\/index.php?rest_route=\/wp\/v2\/types\/page"}],"author":[{"embeddable":true,"href":"http:\/\/do-dowodu.topmaluszek.pl\/index.php?rest_route=\/wp\/v2\/users\/1"}],"replies":[{"embeddable":true,"href":"http:\/\/do-dowodu.topmaluszek.pl\/index.php?rest_route=%2Fwp%2Fv2%2Fcomments&post=8"}],"version-history":[{"count":20,"href":"http:\/\/do-dowodu.topmaluszek.pl\/index.php?rest_route=\/wp\/v2\/pages\/8\/revisions"}],"predecessor-version":[{"id":84,"href":"http:\/\/do-dowodu.topmaluszek.pl\/index.php?rest_route=\/wp\/v2\/pages\/8\/revisions\/84"}],"wp:attachment":[{"href":"http:\/\/do-dowodu.topmaluszek.pl\/index.php?rest_route=%2Fwp%2Fv2%2Fmedia&parent=8"}],"curies":[{"name":"wp","href":"https:\/\/api.w.org\/{rel}","templated":true}]}}